{"id":599,"date":"2018-11-30T00:26:07","date_gmt":"2018-11-30T00:26:07","guid":{"rendered":"http:\/\/www.philippemouret.com\/index.php\/politique-de-confidentialite\/"},"modified":"2018-11-30T00:26:07","modified_gmt":"2018-11-30T00:26:07","slug":"politique-de-confidentialite","status":"publish","type":"page","link":"https:\/\/www.philippemouret.com\/index.php\/politique-de-confidentialite\/?lang=fr","title":{"rendered":"Politique de confidentialit\u00e9"},"content":{"rendered":"<p>[vc_row][vc_column el_class=&#8221;.home-section&#8221;][vc_custom_heading text=&#8221;Qui Sommes Nous&#8221; font_container=&#8221;tag:h1|text_align:left&#8221; use_theme_fonts=&#8221;yes&#8221;][vc_column_text]L\u2019adresse de notre site Web est la suivante: https:\/\/www.philippemouret.com.[\/vc_column_text][vc_custom_heading text=&#8221;Quelles donn\u00e9es personnelles nous recueillons et pourquoi nous les recueillons&#8221; font_container=&#8221;tag:h1|text_align:left&#8221; use_theme_fonts=&#8221;yes&#8221;][vc_custom_heading text=&#8221;Commentaires&#8221; use_theme_fonts=&#8221;yes&#8221;][vc_column_text]Lorsque les visiteurs laissent des commentaires sur le site, nous collectons les donn\u00e9es figurant dans le formulaire de commentaires, ainsi que l&#8217;adresse IP du visiteur et la cha\u00eene de l&#8217;agent utilisateur du navigateur, afin de faciliter la d\u00e9tection du spam.<\/p>\n<p>Une cha\u00eene anonymis\u00e9e cr\u00e9\u00e9e \u00e0 partir de votre adresse e-mail (\u00e9galement appel\u00e9e hachage) peut \u00eatre fournie au service Gravatar pour voir si vous l&#8217;utilisez. La politique de confidentialit\u00e9 du service Gravatar est disponible ici: https:\/\/automattic.com\/privacy\/. Apr\u00e8s approbation de votre commentaire, votre photo de profil est visible par le public dans le contexte de votre commentaire.[\/vc_column_text][vc_custom_heading text=&#8221;M\u00e9dias&#8221; use_theme_fonts=&#8221;yes&#8221;][vc_column_text]Si vous t\u00e9l\u00e9chargez des images sur le site Web, \u00e9vitez de t\u00e9l\u00e9charger des images avec des donn\u00e9es de localisation int\u00e9gr\u00e9es (EXIF GPS) incluses. Les visiteurs du site Web peuvent t\u00e9l\u00e9charger et extraire toutes les donn\u00e9es de localisation des images du site.[\/vc_column_text][vc_custom_heading text=&#8221;Formulaire de Contact&#8221; use_theme_fonts=&#8221;yes&#8221;][vc_column_text]Nous recueillons votre nom, votre adresse e-mail, l&#8217;objet de votre message et votre message via notre formulaire de contact aliment\u00e9 par Contact Form 7. Ces informations nous sont envoy\u00e9es par courrier \u00e9lectronique afin de nous permettre de vous contacter et de r\u00e9pondre \u00e0 votre message. Seuls les administrateurs de ce site ont acc\u00e8s \u00e0 ces donn\u00e9es. Vos donn\u00e9es ne sont pas stock\u00e9es sur le site, mais simplement envoy\u00e9es \u00e0 notre courrier \u00e9lectronique, et ne sont partag\u00e9es avec aucune entit\u00e9 tierce. Si vous souhaitez que nous supprimions les informations que vous nous avez envoy\u00e9es via le formulaire de contact, envoyez-nous un e-mail \u00e0 info@mouret.org et nous nous assurerons de transf\u00e9rer ou de supprimer le courrier \u00e9lectronique que vous nous avez envoy\u00e9.[\/vc_column_text][vc_custom_heading text=&#8221;Cookies&#8221; use_theme_fonts=&#8221;yes&#8221;][vc_column_text]Si vous laissez un commentaire sur notre site, vous pouvez choisir d&#8217;enregistrer votre nom, votre adresse email et votre site web dans des cookies. Celles-ci sont pour votre commodit\u00e9 afin que vous n&#8217;ayez pas \u00e0 renseigner \u00e0 nouveau vos coordonn\u00e9es lorsque vous laissez un autre commentaire. Ces cookies dureront un an.<\/p>\n<p>Si vous avez un compte et que vous vous connectez \u00e0 ce site, nous allons d\u00e9finir un cookie temporaire pour d\u00e9terminer si votre navigateur accepte les cookies. Ce cookie ne contient aucune donn\u00e9e personnelle et est supprim\u00e9 lorsque vous fermez votre navigateur.<\/p>\n<p>Lorsque vous vous connectez, nous allons \u00e9galement configurer plusieurs cookies pour enregistrer vos informations de connexion et vos choix d&#8217;affichage \u00e0 l&#8217;\u00e9cran. Les cookies de connexion durent deux jours et les cookies d&#8217;\u00e9cran, pendant un an. Si vous s\u00e9lectionnez &#8220;Remember Me&#8221;, votre connexion sera conserv\u00e9e pendant deux semaines. Si vous vous d\u00e9connectez de votre compte, les cookies de connexion seront supprim\u00e9s.<\/p>\n<p>Si vous \u00e9ditez ou publiez un article, un cookie suppl\u00e9mentaire sera enregistr\u00e9 dans votre navigateur. Ce cookie ne contient aucune donn\u00e9e personnelle et indique simplement l&#8217;identifiant de l&#8217;article que vous venez de modifier. Il expire apr\u00e8s 1 jour.[\/vc_column_text][vc_custom_heading text=&#8221;Contenu int\u00e9gr\u00e9 provenant d&#8217;autres sites Web&#8221; use_theme_fonts=&#8221;yes&#8221;][vc_column_text]Les articles sur ce site peuvent inclure du contenu int\u00e9gr\u00e9 (par exemple, des vid\u00e9os, des images, des articles, etc.). Le contenu int\u00e9gr\u00e9 d&#8217;autres sites Web se comporte exactement de la m\u00eame mani\u00e8re que si le visiteur avait visit\u00e9 l&#8217;autre site Web.<\/p>\n<p>Ces sites Web peuvent collecter des donn\u00e9es vous concernant, utiliser des cookies, int\u00e9grer un suivi tiers suppl\u00e9mentaire et surveiller votre interaction avec ce contenu int\u00e9gr\u00e9, notamment en suivant votre interaction avec le contenu int\u00e9gr\u00e9 si vous avez un compte et \u00eates connect\u00e9 \u00e0 ce site Web.[\/vc_column_text][vc_custom_heading text=&#8221;Analyse des donn\u00e9es&#8221; use_theme_fonts=&#8221;yes&#8221;][vc_custom_heading text=&#8221;Avec qui partageons-nous vos donn\u00e9es?&#8221; font_container=&#8221;tag:h3|text_align:left&#8221; use_theme_fonts=&#8221;yes&#8221;][vc_column_text]Nous ne partageons vos donn\u00e9es avec personne. Vos donn\u00e9es peuvent \u00eatre trait\u00e9es par des plugins tiers tels que Contact Form 7 afin de r\u00e9pondre \u00e0 votre demande, mais ne sont en aucun cas stock\u00e9es.[\/vc_column_text][vc_custom_heading text=&#8221;Combien de temps conservons-nous vos donn\u00e9es?&#8221; font_container=&#8221;tag:h3|text_align:left&#8221; use_theme_fonts=&#8221;yes&#8221;][vc_column_text]Si vous laissez un commentaire, le commentaire et ses m\u00e9tadonn\u00e9es sont conserv\u00e9s ind\u00e9finiment. Cela nous permet de reconna\u00eetre et d\u2019approuver automatiquement tous les commentaires de suivi au lieu de les conserver dans une file d\u2019attente de mod\u00e9ration.<\/p>\n<p>Pour les utilisateurs qui s&#8217;inscrivent sur notre site Web (le cas \u00e9ch\u00e9ant), nous stockons \u00e9galement les informations personnelles qu&#8217;ils fournissent dans leur profil d&#8217;utilisateur. Tous les utilisateurs peuvent voir, \u00e9diter ou supprimer leurs informations personnelles \u00e0 tout moment (sauf qu&#8217;ils ne peuvent pas changer leur nom d&#8217;utilisateur). Les administrateurs de site Web peuvent \u00e9galement voir et \u00e9diter ces informations.[\/vc_column_text][vc_custom_heading text=&#8221;Quels sont vos droits sur vos donn\u00e9es?&#8221; font_container=&#8221;tag:h3|text_align:left&#8221; use_theme_fonts=&#8221;yes&#8221;][vc_column_text]Si vous avez un compte sur ce site ou si vous avez laiss\u00e9 des commentaires, vous pouvez demander \u00e0 recevoir un fichier export\u00e9 des donn\u00e9es personnelles que nous d\u00e9tenons \u00e0 votre sujet, y compris les donn\u00e9es que vous nous avez fournies. Vous pouvez \u00e9galement demander que nous effacions toutes les donn\u00e9es personnelles que nous d\u00e9tenons \u00e0 votre sujet. Il suffit de nous demander par courrier \u00e9lectronique \u00e0 info@mouret.org ou en utilisant le formulaire de contact sur notre site. Cela n&#8217;inclut pas les donn\u00e9es que nous sommes oblig\u00e9s de conserver \u00e0 des fins administratives, juridiques ou de s\u00e9curit\u00e9.[\/vc_column_text][vc_custom_heading text=&#8221;O\u00f9 nous envoyons vos donn\u00e9es&#8221; font_container=&#8221;tag:h3|text_align:left&#8221; use_theme_fonts=&#8221;yes&#8221;][vc_column_text]Les commentaires des visiteurs peuvent \u00eatre v\u00e9rifi\u00e9s via un service automatis\u00e9 de d\u00e9tection de spam.[\/vc_column_text][\/vc_column][\/vc_row]<\/p>\n","protected":false},"excerpt":{"rendered":"<p>[vc_row][vc_column el_class=&#8221;.home-section&#8221;][vc_custom_heading text=&#8221;Qui Sommes Nous&#8221; font_container=&#8221;tag:h1|text_align:left&#8221; use_theme_fonts=&#8221;yes&#8221;][vc_column_text]L\u2019adresse de notre site Web est la suivante: https:\/\/www.philippemouret.com.[\/vc_column_text][vc_custom_heading text=&#8221;Quelles donn\u00e9es personnelles nous recueillons et pourquoi nous les recueillons&#8221; font_container=&#8221;tag:h1|text_align:left&#8221; use_theme_fonts=&#8221;yes&#8221;][vc_custom_heading text=&#8221;Commentaires&#8221; use_theme_fonts=&#8221;yes&#8221;][vc_column_text]Lorsque les visiteurs laissent des commentaires sur le site, nous collectons les donn\u00e9es figurant dans le formulaire de commentaires, ainsi que l&#8217;adresse IP du visiteur et la <a href=\"https:\/\/www.philippemouret.com\/index.php\/politique-de-confidentialite\/?lang=fr\" class=\"more-link\">&#8230;<span class=\"screen-reader-text\">  Politique de confidentialit\u00e9<\/span><\/a><\/p>\n","protected":false},"author":2,"featured_media":0,"parent":0,"menu_order":0,"comment_status":"closed","ping_status":"closed","template":"","meta":{"footnotes":""},"class_list":["post-599","page","type-page","status-publish","hentry"],"_links":{"self":[{"href":"https:\/\/www.philippemouret.com\/index.php\/wp-json\/wp\/v2\/pages\/599","targetHints":{"allow":["GET"]}}],"collection":[{"href":"https:\/\/www.philippemouret.com\/index.php\/wp-json\/wp\/v2\/pages"}],"about":[{"href":"https:\/\/www.philippemouret.com\/index.php\/wp-json\/wp\/v2\/types\/page"}],"author":[{"embeddable":true,"href":"https:\/\/www.philippemouret.com\/index.php\/wp-json\/wp\/v2\/users\/2"}],"replies":[{"embeddable":true,"href":"https:\/\/www.philippemouret.com\/index.php\/wp-json\/wp\/v2\/comments?post=599"}],"version-history":[{"count":0,"href":"https:\/\/www.philippemouret.com\/index.php\/wp-json\/wp\/v2\/pages\/599\/revisions"}],"wp:attachment":[{"href":"https:\/\/www.philippemouret.com\/index.php\/wp-json\/wp\/v2\/media?parent=599"}],"curies":[{"name":"wp","href":"https:\/\/api.w.org\/{rel}","templated":true}]}}