{"id":503,"date":"2018-11-28T23:45:15","date_gmt":"2018-11-28T23:45:15","guid":{"rendered":"http:\/\/www.philippemouret.com\/index.php\/a-propos\/"},"modified":"2018-11-30T02:36:42","modified_gmt":"2018-11-30T02:36:42","slug":"a-propos","status":"publish","type":"page","link":"https:\/\/www.philippemouret.com\/index.php\/a-propos\/?lang=fr","title":{"rendered":"A propos"},"content":{"rendered":"<p>[vc_row][vc_column el_class=&#8221;.home-section&#8221;][vc_column_text]Les parents de Philippe\u00a0Mouret se sont rencontr\u00e9s \u00e0 Paris. Le p\u00e8re de Philippe, Pierre Mouret, \u00e9tait ing\u00e9nieur, alors que sa m\u00e8re, H\u00e9l\u00e8ne Devaux, travaillait dans une maison de couture parisienne apr\u00e8s des \u00e9tudes aux Beaux Arts. Le premier enfant du couple, Jean-Claude, <span style=\"font-weight: 400;\">na\u00eet <\/span>le 28 D\u00e9cembre 1936. H\u00e9l\u00e8ne arr\u00eate alors de travailler pour s&#8217;occuper de la famille. En 1938, alors qu&#8217;elle est enceinte de son deuxi\u00e8me enfant, Philippe, la famille d\u00e9cide de quitter Paris, voyant qu&#8217;une guerre se profile \u00e0 l&#8217;horizon. Ils rejoignent le fr\u00e8re d&#8217;H\u00e9l\u00e8ne, Dr. Jean Devaux, \u00e0 Lisieux. Dr. Devaux \u00e9tait un chirurgien g\u00e9n\u00e9raliste qui avait re\u00e7u sa formation \u00e0 Paris, mais faute d&#8217;avoir trouv\u00e9 une opportunit\u00e9 dans la capitale, avait d\u00e9m\u00e9nag\u00e9 \u00e0 Lisieux. Dr. Devaux sera celui qui plus tard allait inspirer Philippe \u00e0 devenir chirurgien.[\/vc_column_text][vc_row_inner][vc_column_inner width=&#8221;1\/2&#8243;][vc_single_image image=&#8221;432&#8243; img_size=&#8221;full&#8221;][\/vc_column_inner][vc_column_inner width=&#8221;1\/2&#8243;][vc_single_image image=&#8221;436&#8243; img_size=&#8221;full&#8221;][\/vc_column_inner][\/vc_row_inner][vc_column_text]Philippe Mouret est n\u00e9 le 29 Septembre 1938 \u00e0 Lisieux en Normandie. Pendant toute son enfance, il observe son oncle travailler, et d\u00e8s l&#8217;\u00e2ge de 7 ans se voit\u00a0lui-m\u00eame devenir chirurgien. En 1952, Philippe, alors \u00e2g\u00e9 de 14 ans, et sa famille quittent Lisieux et d\u00e9m\u00e9nagent \u00e0 Lyon. En 1955, Philippe commence ses \u00e9tudes de m\u00e9decine, passant ses \u00e9t\u00e9s \u00e0 apprendre les ficelles de la chirurgie g\u00e9n\u00e9rale avec son oncle \u00e0 Lisieux. Finalement, en 1960, il commence son internat \u00e0 l&#8217;\u00e2ge de 22 ans.[\/vc_column_text][vc_row_inner][vc_column_inner width=&#8221;1\/2&#8243;][vc_single_image image=&#8221;474&#8243; img_size=&#8221;full&#8221;][\/vc_column_inner][vc_column_inner width=&#8221;1\/2&#8243;][vc_single_image image=&#8221;440&#8243; img_size=&#8221;full&#8221;][\/vc_column_inner][\/vc_row_inner][vc_column_text]Pendant ses 4 ann\u00e9es d&#8217;internat, Philippe acqui\u00e8re des comp\u00e9tences dans diverses sp\u00e9cialit\u00e9s de chirurgie. Il apprend la gyn\u00e9cologie avec le Professeur Rochet, la chirurgie thoracique avec le Professeur Latarjet, la chirurgie p\u00e9diatrique avec le Professeur\u00a0 Guilleminet, la chirurgie digestive et g\u00e9n\u00e9raliste avec les Professeurs Soustelle, Peycelon, Guillemin et Maillet, la chirurgie vasculaire avec les Professeurs Wertheimer et Sautot et la chirurgie cardiaque avec le Professeur Michaud.<\/p>\n<p>&nbsp;<\/p>\n<p>Entre 1964 et 1966, il doit interrompre sa carri\u00e8re pour faire son service militaire, qui \u00e0 l&#8217;\u00e9poque \u00e9tait obligatoire,\u00a0au 27e BCA d&#8217;Annecy. Il revient \u00e0 Lyon d\u00e8s la fin de son service et devient assistant du chef de chirurgie \u00e0 la clinique du Professeur Francillon.[\/vc_column_text][vc_column_text]En 1966, le docteur qui allait bient\u00f4t transformer la carri\u00e8re de Philippe rejoint le service du Professeur Francillon. Son nom est Dr. Michel Cognat. Dr. Cognat \u00e9tait un chirurgien gyn\u00e9cologue brillant qui s&#8217;\u00e9tait sp\u00e9cialis\u00e9 dans le traitement de l&#8217;infertilit\u00e9. Pendant les ann\u00e9es 1950, il avait eu la chance de travailler avec le Docteur Raoul Palmer, un inventeur de renomm\u00e9e, et allait bient\u00f4t transf\u00e9rer \u00e0 Philippe toutes les connaissances acquises aupr\u00e8s de Palmer.[\/vc_column_text][vc_row_inner][vc_column_inner width=&#8221;1\/2&#8243;][vc_single_image image=&#8221;469&#8243; img_size=&#8221;400&#215;400&#8243;][\/vc_column_inner][vc_column_inner width=&#8221;1\/2&#8243;][vc_single_image image=&#8221;444&#8243; img_size=&#8221;400&#215;400&#8243;][\/vc_column_inner][\/vc_row_inner][vc_column_text]Dr. Raoul Palmer, un chirurgien gyn\u00e9cologue pratiquant \u00e0 l&#8217;h\u00f4pital Broca \u00e0 Paris, \u00e9tait fatigu\u00e9 de devoir pratiquer des chirurgies invasives dans le seul but de diagnostiquer ses patientes. Parfois, la chirurgie repr\u00e9sentait en elle-m\u00eame un risque de complications, for\u00e7ant Dr. Palmer \u00e0 choisir entre risquer la vie de sa patiente avec une chirurgie potentiellement inutile, ou rester sans diagnostique. C&#8217;est pourquoi \u00e0 la fin des ann\u00e9es 1930 lui vient l&#8217;id\u00e9e d&#8217;utiliser un\u00a0cystoscope au travers d&#8217;une petite incision dans l&#8217;abdomen dans le but de voir le pelvis de ses patientes avant d&#8217;op\u00e9rer. Il travaille pendant plus d&#8217;une d\u00e9cennie pour am\u00e9liorer cette technique. En 1846, il finit par publier sa recherche sur l&#8217;exploration\u00a0<span style=\"font-weight: 400;\">coelioscopique. Il d\u00e9cide ensuite d&#8217;aller plus loin: si cette technique\u00a0coelioscopique permet l&#8217;exploration, pourquoi ne pourrait-il pas l&#8217;utiliser pour des interventions gyn\u00e9cologiques? Il va alors se filmer en train de pratiquer ces interventions, et pr\u00e9senter ses films en 1956 et 1958.<\/span><\/p>\n<p>&nbsp;<\/p>\n<p>Dr. Michel Cognat a appris la technique du Dr. Palmer durant son internat \u00e0 l&#8217;h\u00f4pital Broca. Lorsque Dr. Cognat rejoint l&#8217;\u00e9quipe de Philippe, il transmet \u00e0 celui-ci toutes les connaissances acquises aupr\u00e8s de Palmer.<\/p>\n<p>&nbsp;<\/p>\n<p>Le Dr. Philippe Mouret \u00e9tant alors un chirurgien g\u00e9n\u00e9raliste, il se demande pourquoi la technique coelioscopique n&#8217;a pas encore \u00e9t\u00e9 utilis\u00e9e pour la chirurgie digestive. Les gastroent\u00e9rologues utilisaient bien l&#8217;endoscopie pour observer les organes digestifs depuis le d\u00e9but des ann\u00e9es 1900, mais personne n&#8217;avais encore eu l&#8217;id\u00e9e d&#8217;utiliser la coelioscopie pour op\u00e9rer les organes du syst\u00e8me digestif. Cette r\u00e9alisation conduit le Dr. Mouret \u00e0 imaginer une invention qui allait changer le monde de la chirurgie digestive.[\/vc_column_text][vc_row_inner equal_height=&#8221;yes&#8221;][vc_column_inner width=&#8221;1\/2&#8243;][vc_single_image image=&#8221;382&#8243; img_size=&#8221;autox250&#8243; add_caption=&#8221;yes&#8221; alignment=&#8221;center&#8221;][\/vc_column_inner][vc_column_inner width=&#8221;1\/2&#8243;][vc_single_image image=&#8221;387&#8243; img_size=&#8221;autox250&#8243; add_caption=&#8221;yes&#8221; alignment=&#8221;center&#8221;][\/vc_column_inner][\/vc_row_inner][vc_column_text]Avant qu&#8217;il ne puisse op\u00e9rer sous\u00a0<span style=\"font-weight: 400;\">coelioscopie, Dr. Mouret pense qu&#8217;il doit avant tout am\u00e9liorer sa technique et devenir un expert en\u00a0coelioscopie exploratoire. Il passe deux d\u00e9cennies \u00e0 perfectionner ses mouvements, utilisant la coelioscopie pour diagnostiquer ses patients, comme le Dr. Palmer l&#8217;avait fait avant lui.<\/span><\/p>\n<p>&nbsp;<\/p>\n<p>Une id\u00e9e simple mais n\u00e9anmoins brillante va diff\u00e9rencier Dr. Mouret du docteur Palmer. L\u00e0 o\u00f9 Dr. Palmer ne faisait qu&#8217;une seule incision pour ins\u00e9rer tous les outils n\u00e9cessaires \u00e0 la chirurgie\u00a0<span style=\"font-weight: 400;\">coelioscopique, Dr. Mouret d\u00e9cide de faire deux incisions, distinctes mais convergentes, afin d&#8217;am\u00e9liorer la visibilit\u00e9 du chirurgien tout en permettant des gestes similaires \u00e0 ceux de la chirurgie ouverte.<\/span><\/p>\n<p>&nbsp;<\/p>\n<p>Puis vient le 13 Mars 1987. Ce jour-l\u00e0, Dr. Mouret accueille une patiente qui a besoin d&#8217;une\u00a0chol\u00e9cystectomie (ablation de v\u00e9sicule biliaire), mais qui se plaint \u00e9galement de douleurs abdominales. L&#8217;\u00e9quipe chirurgicale d\u00e9cide de pratiquer une laparoscopie exploratoire afin d&#8217;identifier la source de la douleur abdominale. L&#8217;id\u00e9e \u00e9tait ensuite d&#8217;ouvrir la patiente pour pratiquer une\u00a0chol\u00e9cystectomie traditionnelle. Mais lorsque la <span style=\"font-weight: 400;\">coelioscopie ne r\u00e9v\u00e8le aucune anomalie, Dr. Mouret d\u00e9cide de d\u00e9placer ses outils vers la v\u00e9sicule biliaire et d&#8217;essayer de la retirer sans ouvrir la patiente. Il y parvient avec succ\u00e8s. Ce jour-l\u00e0 marque la premi\u00e8re chol\u00e9cystectomie r\u00e9alis\u00e9e par voie\u00a0coelioscopique dans le monde.<\/span>[\/vc_column_text][vc_single_image image=&#8221;377&#8243; img_size=&#8221;full&#8221; alignment=&#8221;center&#8221;][vc_column_text]A partir de 1988, apr\u00e8s avoir pratiqu\u00e9 et film\u00e9 de nombreuses\u00a0chol\u00e9cystectomies\u00a0<span style=\"font-weight: 400;\">coelioscopiques r\u00e9ussies, Dr. Mouret pr\u00e9sente sa technique \u00e0 diff\u00e9rentes conf\u00e9rences m\u00e9dicales autour du monde. Au d\u00e9part, la majorit\u00e9 du corps chirurgical rejette son invention du fait de son innovante complexit\u00e9. Mais ces m\u00eames chirurgiens ne peuvent nier les b\u00e9n\u00e9fices majeurs de cette technique pour le patient, avec des risques d&#8217;infection largement diminu\u00e9s et des temps de r\u00e9cup\u00e9ration bien plus courts. C&#8217;est \u00e0 ce moment-l\u00e0 que Dr. Mouret se joint \u00e0 l&#8217;entreprise de fabrication d&#8217;outils m\u00e9dicaux Karl Storz pour cr\u00e9er le premier ensemble d&#8217;outils de chirurgie\u00a0coelioscopique qui portera son nom.<\/span><\/p>\n<p>&nbsp;<\/p>\n<p>D\u00e8s 1990, on compte des centaines de milliers de\u00a0chol\u00e9cystectomies faites sous <span style=\"font-weight: 400;\">coelioscopie dans le monde. La r\u00e9volution est arriv\u00e9e. C&#8217;est \u00e0 ce moment-l\u00e0 que Dr. Mouret d\u00e9cide de pousser les limites de son invention encore plus loin. Le co\u00fbt des s\u00e9jours hospitaliers est exorbitant d\u00fb aux proc\u00e9dures lourdes des h\u00f4pitaux traditionnels. Il pense que sa technique peut rem\u00e9dier \u00e0 ce probl\u00e8me : si toutes les proc\u00e9dures chirurgicales se faisaient sous\u00a0coelioscopie, l&#8217;on pourrait r\u00e9duire leur co\u00fbt de mani\u00e8re drastique, diminuant les charges non seulement pour l&#8217;h\u00f4pital mais aussi pour le patient. Dr. Mouret d\u00e9cide alors d&#8217;ouvrir le premier centre de chirurgie ambulatoire d\u00e9di\u00e9 \u00e0 la chirurgie\u00a0laparoscopique et fait une demande de permis pour ouvrir son entreprise.<\/span><\/p>\n<p>&nbsp;<\/p>\n<p>Mais les choses se compliquent. Alors que la construction du centre arrive \u00e0 sa fin, les permis ne sont toujours pas l\u00e0. Le Minist\u00e8re de la Sant\u00e9 tra\u00eene les pieds, incertain de l&#8217;impact de la cr\u00e9ation d&#8217;un centre si innovant. Habituellement, les centres ambulatoires n&#8217;acceptaient que des proc\u00e9dures courtes, mais Dr. Mouret voulait que son centre puisse allonger les s\u00e9jours de ses patients jusqu&#8217;\u00e0 24 heures en cas de complications. C&#8217;\u00e9tait un probl\u00e8me pour le conseil qui avait d\u00e9fini la chirurgie ambulatoire strictement \u00e0 12 heures tout au plus.<\/p>\n<p>&nbsp;<\/p>\n<p>Pendant ce temps, la communaut\u00e9 m\u00e9dicale commence \u00e0 reconna\u00eetre le Dr. Mouret pour son invention. En 1992, l&#8217;Acad\u00e9mie Nationale de M\u00e9decine lui attribue le Prix Delannoy Robbe pour ses d\u00e9cennies de travail sur la coelioscopie. Une ann\u00e9e plus tard, c&#8217;est la Fondation Bullukian qui lui remet le Prix Napol\u00e9on Bullukian.<\/p>\n<p>&nbsp;<\/p>\n<p>Malgr\u00e9 les reconnaissances multiples, les ann\u00e9es passent et les autorit\u00e9s ne semblent pas changer d&#8217;avis. Les cr\u00e9diteurs du Dr. Mouret qui avaient investi dans le nouveau centre attendent de recevoir les fruits de leurs investissements. Au d\u00e9but des ann\u00e9es 2000, Dr. Mouret est forc\u00e9 de d\u00e9clarer banqueroute, et est par cons\u00e9quent radi\u00e9 du Conseil National de l&#8217;Ordre des M\u00e9decins.[\/vc_column_text][vc_column_text]Ne pouvant plus exercer en France, le Docteur Mouret d\u00e9cide de partir \u00e0 l&#8217;\u00e9tranger. Il voyage partout dans le monde, pr\u00e9sentant les b\u00e9n\u00e9fices mais aussi les risques de la chirurgie <span style=\"font-weight: 400;\">coelioscopique <\/span>\u00e0 plusieurs conf\u00e9rences. Il avertit les chirurgiens un peu trop t\u00e9m\u00e9raires des complications potentielles de la chirurgie <span style=\"font-weight: 400;\">coelioscopique <\/span>qui sans <span style=\"font-weight: 400;\">entra\u00eenement <\/span>ad\u00e9quate peuvent \u00eatre mortelles. Il rappelle \u00e0 son audience qu&#8217;il lui a fallu une d\u00e9cennie pour am\u00e9liorer sa technique avant de r\u00e9aliser la premi\u00e8re chol\u00e9cystectomie en 1987.<\/p>\n<p>&nbsp;<\/p>\n<p>En 2002, il <span style=\"font-weight: 400;\">s&#8217;installe <\/span>finalement \u00e0 Hanoi au Vietnam, o\u00f9 le Docteur Yves Nicolai, un coll\u00e8gue du Docteur Mouret, avait r\u00e9cemment ouvert un h\u00f4pital priv\u00e9. Bien qu&#8217;install\u00e9 au Vietnam, Dr. Mouret n&#8217;a cependant pas l&#8217;intention d&#8217;arr\u00eater de voyager. Il partage son temps entre le Vietnam, o\u00f9 il donne aussi des cours \u00e0 l&#8217;Universit\u00e9 M\u00e9dicale de Saigon, l&#8217;Inde, et l&#8217;Italie, o\u00f9 il allait et pratiquait r\u00e9guli\u00e8rement depuis les ann\u00e9es 1980.<\/p>\n<p>&nbsp;<\/p>\n<p>C&#8217;est \u00e0 partir de 2004 que le Dr. Mouret commence vraiment \u00e0 \u00eatre reconnu pour son invention. Il est nomm\u00e9 pr\u00e9sident du Congr\u00e8s Lyon-Coelio International, premier pr\u00e9sident et fondateur de la Soci\u00e9t\u00e9 Fran\u00e7aise de Chirurgie Endoscopique (SFCE), et Professeur d&#8217;Honneur du Peuple Provincial d&#8217;Hunan \u00e0 l&#8217;H\u00f4pital Universitaire d&#8217; Changsa en Chine. En 2007, il re\u00e7oit la M\u00e9daille d&#8217;Or de la ville de Lyon, o\u00f9 sa carri\u00e8re avait commenc\u00e9.[\/vc_column_text][vc_row_inner][vc_column_inner width=&#8221;1\/2&#8243;][vc_single_image image=&#8221;464&#8243; img_size=&#8221;full&#8221;][\/vc_column_inner][vc_column_inner width=&#8221;1\/2&#8243;][vc_single_image image=&#8221;452&#8243; img_size=&#8221;full&#8221;][\/vc_column_inner][\/vc_row_inner][vc_row_inner][vc_column_inner width=&#8221;1\/2&#8243;][vc_single_image image=&#8221;456&#8243; img_size=&#8221;full&#8221;][\/vc_column_inner][vc_column_inner width=&#8221;1\/2&#8243;][vc_single_image image=&#8221;460&#8243; img_size=&#8221;full&#8221;][\/vc_column_inner][\/vc_row_inner][vc_row_inner][vc_column_inner width=&#8221;1\/2&#8243;][vc_single_image image=&#8221;139&#8243; img_size=&#8221;full&#8221;][\/vc_column_inner][vc_column_inner width=&#8221;1\/2&#8243;][vc_single_image image=&#8221;135&#8243; img_size=&#8221;full&#8221;][\/vc_column_inner][\/vc_row_inner][vc_column_text]Il semble que rien ne pouvait arr\u00eater le Dr. Mouret dans sa course. Mais un jour d&#8221;hiver 2007, apr\u00e8s une journ\u00e9e de ski, une douleur intense pr\u00e8s de sa clavicule allait r\u00e9v\u00e9l\u00e9 au Dr. Mouret un diagnostique macabre. Cette douleur \u00e9tait le signe d&#8217;un cancer bien trop avanc\u00e9 pour \u00eatre gu\u00e9ri. Conscient de la gravit\u00e9 de la situation, Dr. Mouret continua n\u00e9anmoins \u00e0 op\u00e9rer sur ses patients pendant encore un an, la maladie le for\u00e7ant \u00e0 arr\u00eater quelques semaines avant sa mort.[\/vc_column_text][vc_row_inner][vc_column_inner width=&#8221;1\/2&#8243;][vc_single_image image=&#8221;481&#8243; img_size=&#8221;500&#215;400&#8243;][\/vc_column_inner][vc_column_inner width=&#8221;1\/2&#8243;][vc_single_image image=&#8221;485&#8243; img_size=&#8221;500&#215;400&#8243;][\/vc_column_inner][\/vc_row_inner][vc_column_text]En Juin 2008, il re\u00e7oit un dernier hommage : le Prix d&#8217;Honneur des Troph\u00e9es de l&#8217;Hospitalisation Priv\u00e9e. Le 20 Juin 2008, Dr. Philippe Mouret d\u00e9c\u00e8de paisiblement dans son ranch de la banlieue lyonnaise. Il laisse derri\u00e8re lui sa femme et assistante, Christine, ses 6 enfants, Laurence, Hubert, Bertrand, Pierre Philippe, Hugues et Maud, et ses 13 petits-enfants.[\/vc_column_text][\/vc_column][\/vc_row]<\/p>\n","protected":false},"excerpt":{"rendered":"<p>[vc_row][vc_column el_class=&#8221;.home-section&#8221;][vc_column_text]Les parents de Philippe\u00a0Mouret se sont rencontr\u00e9s \u00e0 Paris. Le p\u00e8re de Philippe, Pierre Mouret, \u00e9tait ing\u00e9nieur, alors que sa m\u00e8re, H\u00e9l\u00e8ne Devaux, travaillait dans une maison de couture parisienne apr\u00e8s des \u00e9tudes aux Beaux Arts. Le premier enfant du couple, Jean-Claude, na\u00eet le 28 D\u00e9cembre 1936. H\u00e9l\u00e8ne arr\u00eate alors de travailler pour s&#8217;occuper <a href=\"https:\/\/www.philippemouret.com\/index.php\/a-propos\/?lang=fr\" class=\"more-link\">&#8230;<span class=\"screen-reader-text\">  A propos<\/span><\/a><\/p>\n","protected":false},"author":2,"featured_media":0,"parent":0,"menu_order":0,"comment_status":"closed","ping_status":"closed","template":"","meta":{"footnotes":""},"class_list":["post-503","page","type-page","status-publish","hentry"],"_links":{"self":[{"href":"https:\/\/www.philippemouret.com\/index.php\/wp-json\/wp\/v2\/pages\/503","targetHints":{"allow":["GET"]}}],"collection":[{"href":"https:\/\/www.philippemouret.com\/index.php\/wp-json\/wp\/v2\/pages"}],"about":[{"href":"https:\/\/www.philippemouret.com\/index.php\/wp-json\/wp\/v2\/types\/page"}],"author":[{"embeddable":true,"href":"https:\/\/www.philippemouret.com\/index.php\/wp-json\/wp\/v2\/users\/2"}],"replies":[{"embeddable":true,"href":"https:\/\/www.philippemouret.com\/index.php\/wp-json\/wp\/v2\/comments?post=503"}],"version-history":[{"count":0,"href":"https:\/\/www.philippemouret.com\/index.php\/wp-json\/wp\/v2\/pages\/503\/revisions"}],"wp:attachment":[{"href":"https:\/\/www.philippemouret.com\/index.php\/wp-json\/wp\/v2\/media?parent=503"}],"curies":[{"name":"wp","href":"https:\/\/api.w.org\/{rel}","templated":true}]}}