{"id":355,"date":"2018-11-07T17:34:32","date_gmt":"2018-11-07T17:34:32","guid":{"rendered":"http:\/\/www.philippemouret.com\/index.php\/accueil\/"},"modified":"2020-08-28T15:23:35","modified_gmt":"2020-08-28T15:23:35","slug":"accueil","status":"publish","type":"page","link":"https:\/\/www.philippemouret.com\/index.php\/accueil\/?lang=fr","title":{"rendered":"Accueil"},"content":{"rendered":"<p>[vc_row full_width=&#8221;stretch_row&#8221; content_placement=&#8221;middle&#8221; parallax=&#8221;content-moving-fade&#8221; parallax_image=&#8221;23&#8243; css=&#8221;.vc_custom_1541801593356{background-color: #000000 !important;}&#8221;][vc_column][vc_empty_space height=&#8221;100px&#8221;][vc_custom_heading text=&#8221;Site Officiel du Docteur Philippe Mouret&#8221; font_container=&#8221;tag:h1|text_align:center|color:%23ffffff&#8221; use_theme_fonts=&#8221;yes&#8221;][vc_custom_heading text=&#8221;Un pionnier de la chirurgie c\u0153lioscopique&#8221; font_container=&#8221;tag:h2|text_align:center|color:%23ffffff&#8221; use_theme_fonts=&#8221;yes&#8221;][vc_empty_space height=&#8221;100px&#8221;][\/vc_column][\/vc_row][vc_row][vc_column el_class=&#8221;.home-section&#8221;][vc_row_inner el_class=&#8221;home-row&#8221;][vc_column_inner][vc_custom_heading text=&#8221;A propos&#8221; font_container=&#8221;tag:h1|text_align:left&#8221; use_theme_fonts=&#8221;yes&#8221;][vc_column_text]Dr. Philippe Mouret commen\u00e7a sa carri\u00e8re m\u00e9dicale en 1955, et entrepris l&#8217;exploration par voie\u00a0c\u0153lioscopique d\u00e8s 1968. Il passa plusieurs d\u00e9cennies \u00e0 am\u00e9liorer a technique et devint le premier chirurgien au monde \u00e0 effectuer une chol\u00e9cystectomie par voie\u00a0c\u0153lioscopique en 1987.<\/p>\n<p>&nbsp;<\/p>\n<p>Aujourd&#8217;hui, il est reconnu comme un pionnier de la chirurgie c\u0153lioscopique moderne. Contrairement \u00e0 ses confr\u00e8res Palmer et Muhe qui n&#8217;utilisaient qu&#8217;une seule incision pour leurs op\u00e9rations, Mouret eu l&#8217;id\u00e9e d&#8217;utiliser deux incisions convergentes. Cette id\u00e9e novatrice va transformer le monde de la chirurgie moderne, et sera consid\u00e9r\u00e9e dans le milieu m\u00e9dical comme une &#8220;Deuxi\u00e8me R\u00e9volution Fran\u00e7aise.&#8221;[\/vc_column_text][vc_btn title=&#8221;En Savoir Plus&#8221; style=&#8221;flat&#8221; shape=&#8221;round&#8221; color=&#8221;inverse&#8221; align=&#8221;left&#8221; link=&#8221;url:http%3A%2F%2Fwww.philippemouret.com%2Findex.php%2Fa-propos%2F%3Flang%3Dfr|&#8221;][\/vc_column_inner][\/vc_row_inner][\/vc_column][\/vc_row][vc_row css=&#8221;.vc_custom_1542673252870{background-color: #f5f5f5 !important;}&#8221;][vc_column el_class=&#8221;.home-section&#8221;][vc_raw_html]JTNDZGl2JTIwY2xhc3MlM0QlMjJhbmNob3IlMjIlMjBpZCUzRCUyMmludGhlbmV3cyUyMiUzRSUzQyUyRmRpdiUzRQ==[\/vc_raw_html][vc_custom_heading text=&#8221;Dans la Presse&#8221; font_container=&#8221;tag:h1|text_align:center&#8221; use_theme_fonts=&#8221;yes&#8221;][vc_basic_grid post_type=&#8221;post&#8221; max_items=&#8221;-1&#8243; style=&#8221;pagination&#8221; items_per_page=&#8221;6&#8243; show_filter=&#8221;yes&#8221; filter_style=&#8221;filled-rounded&#8221; filter_color=&#8221;white&#8221; paging_color=&#8221;white&#8221; item=&#8221;191&#8243; grid_id=&#8221;vc_gid:1598628070961-096e8667-e437-5&#8243; filter_source=&#8221;category&#8221; taxonomies=&#8221;12&#8243;][\/vc_column][\/vc_row][vc_row][vc_column el_class=&#8221;.home-section&#8221;][vc_raw_html]JTNDZGl2JTIwY2xhc3MlM0QlMjJhbmNob3IlMjIlMjBpZCUzRCUyMm1lZGljYWxqb3VybmFscyUyMiUzRSUzQyUyRmRpdiUzRQ==[\/vc_raw_html][vc_custom_heading text=&#8221;Journaux M\u00e9dicaux&#8221; font_container=&#8221;tag:h1|text_align:center&#8221; use_theme_fonts=&#8221;yes&#8221;][vc_basic_grid post_type=&#8221;post&#8221; max_items=&#8221;-1&#8243; item=&#8221;191&#8243; grid_id=&#8221;vc_gid:1598628070964-568b93ee-b1b5-4&#8243; taxonomies=&#8221;11&#8243;][\/vc_column][\/vc_row][vc_row css=&#8221;.vc_custom_1542672644714{background-image: url(https:\/\/www.philippemouret.com\/wp-content\/uploads\/2018\/11\/lyon-dark.jpg?id=23) !important;}&#8221; el_id=&#8221;quote-row&#8221;][vc_column][vc_row_inner][vc_column_inner el_class=&#8221;.home-section&#8221;][vc_column_text el_class=&#8221;.white .quote&#8221;]&#8221;Je vous livrerai en conclusion la comparaison de l&#8217;alpinisme qui pr\u00e9sente pour moi une flagrante analogie avec la chirurgie : ces grimpeurs \u00e0 mains nues de parois verticales, dont on a dit qu&#8217;ils prennent des risques fous, ne le font que parce qu&#8217;ils sont s\u00fbrs d&#8217;eux, et \u00e0 vrai dire ils ne tombent gu\u00e8re. Mais sachez qu&#8217;avant d&#8217;affronter les cam\u00e9ras, ils ont choisi leurs parois, ont r\u00e9p\u00e9t\u00e9 bien des fois leurs gestes, et qu&#8217;avant de grimper mains nues, ils ont utilis\u00e9 des cordes et des pitons.&#8221;[\/vc_column_text][vc_custom_heading text=&#8221;Dr. Philippe Mouret, 1990&#8243; font_container=&#8221;tag:h2|text_align:left|color:%23ffffff&#8221; use_theme_fonts=&#8221;yes&#8221;][\/vc_column_inner][\/vc_row_inner][\/vc_column][\/vc_row][vc_row][vc_column el_class=&#8221;.home-section&#8221;][vc_raw_html]JTNDZGl2JTIwY2xhc3MlM0QlMjJhbmNob3IlMjIlMjBpZCUzRCUyMmJvb2tzJTIyJTNFJTNDJTJGZGl2JTNF[\/vc_raw_html][vc_custom_heading text=&#8221;Livres&#8221; font_container=&#8221;tag:h1|text_align:center&#8221; use_theme_fonts=&#8221;yes&#8221;][vc_row_inner][vc_column_inner width=&#8221;1\/3&#8243;][vc_single_image image=&#8221;172&#8243; img_size=&#8221;full&#8221; alignment=&#8221;center&#8221; onclick=&#8221;custom_link&#8221; link=&#8221;https:\/\/www.amazon.com\/Laparoscopic-Srgery-Nineties-First\/dp\/8821422380\/ref=sr_1_1\/138-6427555-4283648&#8243;][vc_custom_heading text=&#8221;Laparoscopic Surgery: The Nineties Edition&#8221; font_container=&#8221;tag:h2|text_align:center&#8221; use_theme_fonts=&#8221;yes&#8221; link=&#8221;url:https%3A%2F%2Fwww.amazon.com%2FLaparoscopic-Srgery-Nineties-First%2Fdp%2F8821422380%2Fref%3Dsr_1_1%2F138-6427555-4283648|target:%20_blank|&#8221; el_class=&#8221;h2column&#8221;][\/vc_column_inner][vc_column_inner width=&#8221;1\/3&#8243;][vc_single_image image=&#8221;173&#8243; img_size=&#8221;full&#8221; alignment=&#8221;center&#8221; onclick=&#8221;custom_link&#8221; link=&#8221;https:\/\/www.amazon.fr\/Philippe-Mouret-coelio-chirurgie-boulevers%C3%A9-chirurgicale\/dp\/B075J4CCQV&#8221;][vc_custom_heading text=&#8221;Philippe Mouret : une (R) \u00e9volution par la coelio-chirurgie&#8221; font_container=&#8221;tag:h2|text_align:center&#8221; use_theme_fonts=&#8221;yes&#8221; link=&#8221;url:https%3A%2F%2Fwww.amazon.fr%2FPhilippe-Mouret-coelio-chirurgie-boulevers%25C3%25A9-chirurgicale%2Fdp%2FB075J4CCQV|target:%20_blank|&#8221; el_class=&#8221;h2column&#8221;][\/vc_column_inner][vc_column_inner width=&#8221;1\/3&#8243;][vc_single_image image=&#8221;173&#8243; img_size=&#8221;full&#8221; alignment=&#8221;center&#8221; onclick=&#8221;custom_link&#8221; link=&#8221;http:\/\/uqlivre.insectorama.fr\/download\/586793.pdf&#8221;][vc_custom_heading text=&#8221;EN LIGNE &#8211; Philippe Mouret : une (R) \u00e9volution par la coelio-chirurgie&#8221; font_container=&#8221;tag:h2|text_align:center&#8221; use_theme_fonts=&#8221;yes&#8221; link=&#8221;url:http%3A%2F%2Fuqlivre.insectorama.fr%2Fdownload%2F586793.pdf|target:_blank|&#8221; el_class=&#8221;h2column&#8221;][\/vc_column_inner][\/vc_row_inner][\/vc_column][\/vc_row][vc_row css=&#8221;.vc_custom_1542671064466{background-color: #0154a6 !important;}&#8221;][vc_column el_class=&#8221;.home-section&#8221;][vc_raw_html]JTNDZGl2JTIwY2xhc3MlM0QlMjJhbmNob3IlMjIlMjBpZCUzRCUyMmluc3RydW1lbnRzJTIyJTNFJTNDJTJGZGl2JTNF[\/vc_raw_html][vc_custom_heading text=&#8221;Les Instruments Mouret&#8221; font_container=&#8221;tag:h1|text_align:center|color:%23ffffff&#8221; use_theme_fonts=&#8221;yes&#8221;][vc_row_inner][vc_column_inner width=&#8221;1\/2&#8243;][vc_column_text el_class=&#8221;.white&#8221;]Lorsqu&#8217;il avait effectu\u00e9 la premi\u00e8re chol\u00e9cystectomie par voie\u00a0c\u0153lioscopique, Dr. Mouret avait d\u00fb utiliser des outils de chirurgie traditionnels qui n&#8217;\u00e9taient pas adapt\u00e9s \u00e0 sa technique novatrice. C&#8217;est pourquoi Dr. Mouret travailla en partenariat avec l&#8217;entreprise d&#8217;outils m\u00e9dicaux Karl Storw pour cr\u00e9er un nouvel ensemble d&#8217;instruments specialement con\u00e7us pour la chirurgie\u00a0c\u0153lioscopique.[\/vc_column_text][vc_btn title=&#8221;En Savoir Plus&#8221; style=&#8221;flat&#8221; shape=&#8221;round&#8221; color=&#8221;white&#8221; align=&#8221;left&#8221; link=&#8221;url:https%3A%2F%2Fwww.karlstorz.com%2Fcps%2Frde%2Fxbcr%2Fkarlstorz_assets%2FASSETS%2F2193150.pdf|target:%20_blank|&#8221;][\/vc_column_inner][vc_column_inner width=&#8221;1\/2&#8243;][vc_single_image image=&#8221;115&#8243; img_size=&#8221;full&#8221; alignment=&#8221;center&#8221; onclick=&#8221;custom_link&#8221; img_link_target=&#8221;_blank&#8221; link=&#8221;https:\/\/www.karlstorz.com\/cps\/rde\/xbcr\/karlstorz_assets\/ASSETS\/2193150.pdf&#8221;][\/vc_column_inner][\/vc_row_inner][\/vc_column][\/vc_row][vc_row][vc_column el_class=&#8221;.home-section&#8221;][vc_raw_html]JTNDZGl2JTIwY2xhc3MlM0QlMjJhbmNob3IlMjIlMjBpZCUzRCUyMm90aGVyJTIyJTNFJTNDJTJGZGl2JTNF[\/vc_raw_html][vc_custom_heading text=&#8221;Autres Liens&#8221; font_container=&#8221;tag:h1|text_align:center&#8221; use_theme_fonts=&#8221;yes&#8221;][vc_custom_heading text=&#8221;De l\u2019Utopie \u00e0 l\u2019Evidence \u2013 Laurence Mouret&#8221; font_container=&#8221;tag:h2|text_align:center&#8221; use_theme_fonts=&#8221;yes&#8221; link=&#8221;url:%2F%3Fp%3D619|&#8221;][vc_custom_heading text=&#8221;Lettre In Memoriam de l&#8217;Acad\u00e9mie Nationale de Chirurgie&#8221; font_container=&#8221;tag:h2|text_align:center&#8221; use_theme_fonts=&#8221;yes&#8221; link=&#8221;url:http%3A%2F%2Fwww.academie-chirurgie.fr%2Flettre%2Flettre2008_4.htm%23table244|target:%20_blank|&#8221;][\/vc_column][\/vc_row][vc_row css=&#8221;.vc_custom_1542673270837{background-color: #f5f5f5 !important;}&#8221;][vc_column el_class=&#8221;.home-section&#8221;][vc_raw_html]JTNDZGl2JTIwY2xhc3MlM0QlMjJhbmNob3IlMjIlMjBpZCUzRCUyMmNvbnRhY3QlMjIlM0UlM0MlMkZkaXYlM0U=[\/vc_raw_html][vc_custom_heading text=&#8221;Nous Contacter&#8221; font_container=&#8221;tag:h1|text_align:center&#8221; use_theme_fonts=&#8221;yes&#8221;][vc_column_text]Pour les demandes de presse, photos et autres documents, veuillez joindre la famille Mouret en utilisant le formulaire ci-dessous[\/vc_column_text]\n<div class=\"wpcf7 no-js\" id=\"wpcf7-f357-o1\" lang=\"en-US\" dir=\"ltr\" data-wpcf7-id=\"357\">\n<div class=\"screen-reader-response\"><p role=\"status\" aria-live=\"polite\" aria-atomic=\"true\"><\/p> <ul><\/ul><\/div>\n<form action=\"\/index.php\/wp-json\/wp\/v2\/pages\/355#wpcf7-f357-o1\" method=\"post\" class=\"wpcf7-form init\" aria-label=\"Contact form\" novalidate=\"novalidate\" data-status=\"init\">\n<fieldset class=\"hidden-fields-container\"><input type=\"hidden\" name=\"_wpcf7\" value=\"357\" \/><input type=\"hidden\" name=\"_wpcf7_version\" value=\"6.1.5\" \/><input type=\"hidden\" name=\"_wpcf7_locale\" value=\"en_US\" \/><input type=\"hidden\" name=\"_wpcf7_unit_tag\" value=\"wpcf7-f357-o1\" \/><input type=\"hidden\" name=\"_wpcf7_container_post\" value=\"0\" \/><input type=\"hidden\" name=\"_wpcf7_posted_data_hash\" value=\"\" \/><input type=\"hidden\" name=\"_wpcf7_recaptcha_response\" value=\"\" \/>\n<\/fieldset>\n<p><label> Votre nom (requis)<br \/>\n<span class=\"wpcf7-form-control-wrap\" data-name=\"your-name\"><input size=\"40\" maxlength=\"400\" class=\"wpcf7-form-control wpcf7-text wpcf7-validates-as-required\" aria-required=\"true\" aria-invalid=\"false\" value=\"\" type=\"text\" name=\"your-name\" \/><\/span> <\/label>\n<\/p>\n<p><label> Votre Email (requis)<br \/>\n<span class=\"wpcf7-form-control-wrap\" data-name=\"your-email\"><input size=\"40\" maxlength=\"400\" class=\"wpcf7-form-control wpcf7-email wpcf7-validates-as-required wpcf7-text wpcf7-validates-as-email\" aria-required=\"true\" aria-invalid=\"false\" value=\"\" type=\"email\" name=\"your-email\" \/><\/span> <\/label>\n<\/p>\n<p><label> Sujet<br \/>\n<span class=\"wpcf7-form-control-wrap\" data-name=\"your-subject\"><input size=\"40\" maxlength=\"400\" class=\"wpcf7-form-control wpcf7-text\" aria-invalid=\"false\" value=\"\" type=\"text\" name=\"your-subject\" \/><\/span> <\/label>\n<\/p>\n<p><label> Votre Message<br \/>\n<span class=\"wpcf7-form-control-wrap\" data-name=\"your-message\"><textarea cols=\"40\" rows=\"10\" maxlength=\"2000\" class=\"wpcf7-form-control wpcf7-textarea\" aria-invalid=\"false\" name=\"your-message\"><\/textarea><\/span> <\/label>\n<\/p>\n\n<p><input class=\"wpcf7-form-control wpcf7-submit has-spinner\" type=\"submit\" value=\"Envoyer\" \/>\n<\/p><p style=\"display: none !important;\" class=\"akismet-fields-container\" data-prefix=\"_wpcf7_ak_\"><label>&#916;<textarea name=\"_wpcf7_ak_hp_textarea\" cols=\"45\" rows=\"8\" maxlength=\"100\"><\/textarea><\/label><input type=\"hidden\" id=\"ak_js_1\" name=\"_wpcf7_ak_js\" value=\"49\"\/><script>document.getElementById( \"ak_js_1\" ).setAttribute( \"value\", ( new Date() ).getTime() );<\/script><\/p><div class=\"wpcf7-response-output\" aria-hidden=\"true\"><\/div>\n<\/form>\n<\/div>\n[\/vc_column][\/vc_row]<\/p>\n","protected":false},"excerpt":{"rendered":"<p>[vc_row full_width=&#8221;stretch_row&#8221; content_placement=&#8221;middle&#8221; parallax=&#8221;content-moving-fade&#8221; parallax_image=&#8221;23&#8243; css=&#8221;.vc_custom_1541801593356{background-color: #000000 !important;}&#8221;][vc_column][vc_empty_space height=&#8221;100px&#8221;][vc_custom_heading text=&#8221;Site Officiel du Docteur Philippe Mouret&#8221; font_container=&#8221;tag:h1|text_align:center|color:%23ffffff&#8221; use_theme_fonts=&#8221;yes&#8221;][vc_custom_heading text=&#8221;Un pionnier de la chirurgie c\u0153lioscopique&#8221; font_container=&#8221;tag:h2|text_align:center|color:%23ffffff&#8221; use_theme_fonts=&#8221;yes&#8221;][vc_empty_space height=&#8221;100px&#8221;][\/vc_column][\/vc_row][vc_row][vc_column el_class=&#8221;.home-section&#8221;][vc_row_inner el_class=&#8221;home-row&#8221;][vc_column_inner][vc_custom_heading text=&#8221;A propos&#8221; font_container=&#8221;tag:h1|text_align:left&#8221; use_theme_fonts=&#8221;yes&#8221;][vc_column_text]Dr. Philippe Mouret commen\u00e7a sa carri\u00e8re m\u00e9dicale en 1955, et entrepris l&#8217;exploration par voie\u00a0c\u0153lioscopique d\u00e8s 1968. Il passa plusieurs d\u00e9cennies \u00e0 am\u00e9liorer a technique <a href=\"https:\/\/www.philippemouret.com\/index.php\/accueil\/?lang=fr\" class=\"more-link\">&#8230;<span class=\"screen-reader-text\">  Accueil<\/span><\/a><\/p>\n","protected":false},"author":1,"featured_media":0,"parent":0,"menu_order":0,"comment_status":"closed","ping_status":"closed","template":"","meta":{"footnotes":""},"class_list":["post-355","page","type-page","status-publish","hentry"],"_links":{"self":[{"href":"https:\/\/www.philippemouret.com\/index.php\/wp-json\/wp\/v2\/pages\/355","targetHints":{"allow":["GET"]}}],"collection":[{"href":"https:\/\/www.philippemouret.com\/index.php\/wp-json\/wp\/v2\/pages"}],"about":[{"href":"https:\/\/www.philippemouret.com\/index.php\/wp-json\/wp\/v2\/types\/page"}],"author":[{"embeddable":true,"href":"https:\/\/www.philippemouret.com\/index.php\/wp-json\/wp\/v2\/users\/1"}],"replies":[{"embeddable":true,"href":"https:\/\/www.philippemouret.com\/index.php\/wp-json\/wp\/v2\/comments?post=355"}],"version-history":[{"count":0,"href":"https:\/\/www.philippemouret.com\/index.php\/wp-json\/wp\/v2\/pages\/355\/revisions"}],"wp:attachment":[{"href":"https:\/\/www.philippemouret.com\/index.php\/wp-json\/wp\/v2\/media?parent=355"}],"curies":[{"name":"wp","href":"https:\/\/api.w.org\/{rel}","templated":true}]}}